{"id":140,"date":"2024-09-16T09:18:21","date_gmt":"2024-09-16T09:18:21","guid":{"rendered":"http:\/\/kooikerhondje-richter.de\/?page_id=140"},"modified":"2024-09-16T09:18:21","modified_gmt":"2024-09-16T09:18:21","slug":"pinkie","status":"publish","type":"page","link":"http:\/\/kooikerhondje-richter.de\/?page_id=140","title":{"rendered":"Pinkie"},"content":{"rendered":"\n<p>Am 03.11.2022 wurde Pinkie bei uns geboren. Es war der erste Wurf von Bintje und insgesamt brachte sie 6 Welpen zur Welt.<\/p>\n\n\n\n<p>Bis zur 8. Lebenswoche nahmen wir uns Zeit um zu entscheiden welche der 3 kleinen H\u00fcndinnen bei uns bleiben sollte. Aber eigentlich hatte Pinkie uns vom ersten Moment um die Pfoten gewickelt. In den ersten Tagen bekamen die Welpen farbige Halsb\u00e4nder um sie unterscheiden zu k\u00f6nnen. Tja, es ist nicht schwer zu erraten welche Farbe Pinkie hatte. Als ihre Geschwister in ihre Familien zogen und alle ihren endg\u00fcltig Namen bekamen, \u00fcberlegten wir mal wieder, wie das kleine Ding denn nun hei\u00dfen sollte. Bl\u00f6d gelaufen, Pinkie war und blieb Pinkie, nach 8 Wochen passte einfach nichts anderes mehr. Au\u00dferdem mussten meine Z\u00fcchterkollegen auch was zu lachen haben, denn der erste Wurf beginnt einfach mit A, da gibt es keine Ausnahme. Der Eintrag im Zuchtbuch lautet also WACHOLDERHAIN A-PINKIE! <\/p>\n\n\n\n<p>Pinkie hat sich zu einer niedlichen und lieben jungen Dame entwickelt. Wir sind schwer verliebt in das kleine Ding. So eine tolle Nachzucht macht das Z\u00fcchterherz gl\u00fccklich, aber noch gl\u00fccklicher ist meine Tochter! Sie hat Pinkie trainiert, l\u00e4uft auf Ausstellungen und zusammen haben sie die Zuchtzulassungspr\u00fcfung des DCK absolviert.<\/p>\n\n\n\n<p>Auch die medizinischen Untersuchungen und DNA Ergebnisse zeigten keine Auff\u00e4lligkeiten und so erhielt Pinkie die uneingeschr\u00e4nkte Zuchtzulassung.<\/p>\n\n\n\n<p>Wir freuen uns, dass wir einen so tollen Hund aus der eigenen Zucht &#8222;in die n\u00e4chste Runde&#8220; schicken k\u00f6nnen, aber noch mehr erfreuen wir uns t\u00e4glich an unserer s\u00fc\u00dfen Pinkie! <\/p>\n\n\n\n<figure class=\"wp-block-gallery has-nested-images columns-default is-cropped wp-block-gallery-1 is-layout-flex wp-block-gallery-is-layout-flex\">\n<figure class=\"wp-block-image size-large\"><img loading=\"lazy\" decoding=\"async\" width=\"741\" height=\"1024\" data-id=\"141\" src=\"http:\/\/kooikerhondje-richter.de\/wp-content\/uploads\/2024\/09\/Screenshot_20240521_165312-741x1024.jpg\" alt=\"\" class=\"wp-image-141\" srcset=\"http:\/\/kooikerhondje-richter.de\/wp-content\/uploads\/2024\/09\/Screenshot_20240521_165312-741x1024.jpg 741w, http:\/\/kooikerhondje-richter.de\/wp-content\/uploads\/2024\/09\/Screenshot_20240521_165312-217x300.jpg 217w, http:\/\/kooikerhondje-richter.de\/wp-content\/uploads\/2024\/09\/Screenshot_20240521_165312-768x1062.jpg 768w, http:\/\/kooikerhondje-richter.de\/wp-content\/uploads\/2024\/09\/Screenshot_20240521_165312.jpg 1080w\" sizes=\"auto, (max-width: 706px) 89vw, (max-width: 767px) 82vw, 740px\" \/><\/figure>\n<\/figure>\n","protected":false},"excerpt":{"rendered":"<p>Am 03.11.2022 wurde Pinkie bei uns geboren. Es war der erste Wurf von Bintje und insgesamt brachte sie 6 Welpen zur Welt. Bis zur 8. Lebenswoche nahmen wir uns Zeit um zu entscheiden welche der 3 kleinen H\u00fcndinnen bei uns bleiben sollte. Aber eigentlich hatte Pinkie uns vom ersten Moment um die Pfoten gewickelt. In &hellip; <\/p>\n<p class=\"link-more\"><a href=\"http:\/\/kooikerhondje-richter.de\/?page_id=140\" class=\"more-link\"><span class=\"screen-reader-text\">&#8222;Pinkie&#8220;<\/span> weiterlesen<\/a><\/p>\n","protected":false},"author":1,"featured_media":0,"parent":0,"menu_order":0,"comment_status":"closed","ping_status":"closed","template":"","meta":{"footnotes":""},"class_list":["post-140","page","type-page","status-publish","hentry"],"_links":{"self":[{"href":"http:\/\/kooikerhondje-richter.de\/index.php?rest_route=\/wp\/v2\/pages\/140","targetHints":{"allow":["GET"]}}],"collection":[{"href":"http:\/\/kooikerhondje-richter.de\/index.php?rest_route=\/wp\/v2\/pages"}],"about":[{"href":"http:\/\/kooikerhondje-richter.de\/index.php?rest_route=\/wp\/v2\/types\/page"}],"author":[{"embeddable":true,"href":"http:\/\/kooikerhondje-richter.de\/index.php?rest_route=\/wp\/v2\/users\/1"}],"replies":[{"embeddable":true,"href":"http:\/\/kooikerhondje-richter.de\/index.php?rest_route=%2Fwp%2Fv2%2Fcomments&post=140"}],"version-history":[{"count":2,"href":"http:\/\/kooikerhondje-richter.de\/index.php?rest_route=\/wp\/v2\/pages\/140\/revisions"}],"predecessor-version":[{"id":143,"href":"http:\/\/kooikerhondje-richter.de\/index.php?rest_route=\/wp\/v2\/pages\/140\/revisions\/143"}],"wp:attachment":[{"href":"http:\/\/kooikerhondje-richter.de\/index.php?rest_route=%2Fwp%2Fv2%2Fmedia&parent=140"}],"curies":[{"name":"wp","href":"https:\/\/api.w.org\/{rel}","templated":true}]}}