{"id":16,"date":"2017-12-03T10:48:35","date_gmt":"2017-12-03T10:48:35","guid":{"rendered":"http:\/\/kooikerhondje-richter.de\/?page_id=16"},"modified":"2025-01-16T11:57:26","modified_gmt":"2025-01-16T11:57:26","slug":"amy","status":"publish","type":"page","link":"http:\/\/kooikerhondje-richter.de\/?page_id=16","title":{"rendered":"Amy"},"content":{"rendered":"<p><strong>Amy<\/strong><\/p>\n<p><strong>Zuchtbuchnummer:\u00a0<\/strong>VDH\/DCK<\/p>\n<p><b>Geboren: <\/b>30.08.2015<\/p>\n<p><b>Zuchtzulassung:<\/b><\/p>\n<p><b>ENM: <\/b>frei<\/p>\n<p><b>VWD: <\/b>frei<\/p>\n<p><b>Patellaluxation: <\/b>Grad 0<\/p>\n<p><b>Katarakt: <\/b>frei<\/p>\n<p><b>Widerrist\/Gr\u00f6\u00dfe:\u00a0<\/b>38 cm<\/p>\n<p><b>Farbe:\u00a0<\/b>Plattenhund<\/p>\n<p>Amy ist eine fr\u00f6hliche, sehr anh\u00e4ngliche und treue junge Kooikerdame. Sie m\u00f6chte immer und \u00fcberall dabei sein. Den Wesentest vom DCK bestand sie mit Leichtigkeit, sie ist absolut alltagstauglich, souver\u00e4n und zuverl\u00e4ssig!<\/p>\n<p>Sie lebt in einer kleinen Hundepension und wurde so von Anfang an sehr gut sozialisiert. Ein Border Collie R\u00fcde und Kooikerh\u00fcndin Bintje erg\u00e4nzen ihr Rudel und sie zeigt ihren Mitbewohnern auch gerne, dass sie eine kleine Diva ist.<\/p>\n<p>Zu Amy`s Familie geh\u00f6rt auch ein Kind, hierzu gibt es nur eines zu sagen, GANZ GRO\u00dfE LIEBE!<\/p>\n<p>Lange Spazierg\u00e4nge, Toben und Apportieren liebt Amy genauso sehr wie Kuscheln und ganz wichtig, Fressen!<\/p>\n<p>Sie ist ein Campingfan, f\u00e4hrt gerne ans Meer um M\u00f6wen zu jagen, ist dabei aber jederzeit abrufbar! Ist sie gerade noch den Strand entlang geflitzt, so kann sie genauso durch die Stadt bummeln oder im Restaurant ein Schl\u00e4fchen machen.<\/p>\n<p>Leider blieben Amys Dates erfolglos und sie bekam keine Welpen. Aber sie wird in Zukunft eine wertvolle Unterst\u00fctzung bei der Sozialisierung aller Welpen sein!<\/p>\n","protected":false},"excerpt":{"rendered":"<p>Amy Zuchtbuchnummer:\u00a0VDH\/DCK Geboren: 30.08.2015 Zuchtzulassung: ENM: frei VWD: frei Patellaluxation: Grad 0 Katarakt: frei Widerrist\/Gr\u00f6\u00dfe:\u00a038 cm Farbe:\u00a0Plattenhund Amy ist eine fr\u00f6hliche, sehr anh\u00e4ngliche und treue junge Kooikerdame. Sie m\u00f6chte immer und \u00fcberall dabei sein. Den Wesentest vom DCK bestand sie mit Leichtigkeit, sie ist absolut alltagstauglich, souver\u00e4n und zuverl\u00e4ssig! Sie lebt in einer kleinen Hundepension &hellip; <\/p>\n<p class=\"link-more\"><a href=\"http:\/\/kooikerhondje-richter.de\/?page_id=16\" class=\"more-link\"><span class=\"screen-reader-text\">&#8222;Amy&#8220;<\/span> weiterlesen<\/a><\/p>\n","protected":false},"author":1,"featured_media":0,"parent":0,"menu_order":10,"comment_status":"closed","ping_status":"closed","template":"","meta":{"footnotes":""},"class_list":["post-16","page","type-page","status-publish","hentry"],"_links":{"self":[{"href":"http:\/\/kooikerhondje-richter.de\/index.php?rest_route=\/wp\/v2\/pages\/16","targetHints":{"allow":["GET"]}}],"collection":[{"href":"http:\/\/kooikerhondje-richter.de\/index.php?rest_route=\/wp\/v2\/pages"}],"about":[{"href":"http:\/\/kooikerhondje-richter.de\/index.php?rest_route=\/wp\/v2\/types\/page"}],"author":[{"embeddable":true,"href":"http:\/\/kooikerhondje-richter.de\/index.php?rest_route=\/wp\/v2\/users\/1"}],"replies":[{"embeddable":true,"href":"http:\/\/kooikerhondje-richter.de\/index.php?rest_route=%2Fwp%2Fv2%2Fcomments&post=16"}],"version-history":[{"count":4,"href":"http:\/\/kooikerhondje-richter.de\/index.php?rest_route=\/wp\/v2\/pages\/16\/revisions"}],"predecessor-version":[{"id":172,"href":"http:\/\/kooikerhondje-richter.de\/index.php?rest_route=\/wp\/v2\/pages\/16\/revisions\/172"}],"wp:attachment":[{"href":"http:\/\/kooikerhondje-richter.de\/index.php?rest_route=%2Fwp%2Fv2%2Fmedia&parent=16"}],"curies":[{"name":"wp","href":"https:\/\/api.w.org\/{rel}","templated":true}]}}