{"id":18,"date":"2017-12-03T10:49:45","date_gmt":"2017-12-03T10:49:45","guid":{"rendered":"http:\/\/kooikerhondje-richter.de\/?page_id=18"},"modified":"2024-09-16T09:51:32","modified_gmt":"2024-09-16T09:51:32","slug":"ueber-mich","status":"publish","type":"page","link":"http:\/\/kooikerhondje-richter.de\/?page_id=18","title":{"rendered":"\u00dcber mich"},"content":{"rendered":"<p><strong>Name:<\/strong> Ann-Kathrin Richter<\/p>\n<p><strong>Geworfen:<\/strong> 10.04.1981 (Ich bin also 10 Jahre j\u00fcnger als das Kooikerhondje und trotzdem m\u00f6chte ich z\u00fcchten!)<\/p>\n<p>Ich bin gelernte Tierpflegerin, es ist mein Beruf, mein Hobby und gleich hinter meiner Tochter, mein Lebensmittelpunkt! Seit 2005 f\u00fchre ich unter Anderem eine kleine Hundepension, Tierbetreuung Lingen. Ich bin mit Hunden aufgewachsen und seit 2001 halte ich Border Collies.<br \/>\nMeine Tochter war gerade 2 Jahre, als mein alter Border Guinness starb. Ich war zwar nicht hundelos, aber der verbliebene Border Ben sollte auch nicht alleine bleiben. Einen jungen\u00a0Border Collie zu einem Kleinkind dazu zu holen erschien mir nicht sehr sinnvoll, also machte ich mich auf die Suche nach einer Alternative. Und nach \u00fcber einem Jahr fand ich sie, das Kooikerhondje!<\/p>\n<p>Bei meinen Recherchen zur Rasse kam auch bald der Gedanke zur Zucht auf. Einerseits musste ich feststellen, dass man an so ein Hondje gar nicht so leicht ran kommt, zum anderen hat mich die Gesundheit der Rasse, die Vielseitigkeit in ihrer Verwendung, die Verliebtheit ihrer Besitzer und viele weitere Punkte \u00fcberzeugt. So entschied ich mich f\u00fcr eine H\u00fcndin und hielt mir die Option zu z\u00fcchten offen.<\/p>\n<p>Im Sommer 2015 war es dann soweit, ich kaufte Amy! Naja, eigentlich kaufte ich eine 2 Tage alte Hand voll H\u00fcndchen und sein wir mal ehrlich, so viel Geld f\u00fcr ein 300g geflecktes, taubes und blindes H\u00e4ufchen, man muss schon etwas bekloppt sein&#8230; Hundehalter halt&#8230;<\/p>\n<p>Amy hat mich \u00fcberzeugt! Sie ist so wie ich mir das Kooikerhondje vorgestellt habe und noch mehr! Ein ganz ganz toller Hund und auch wenn ich nat\u00fcrlich voreingenommen bin, so bin ich trotzdem davon \u00fcberzeugt, dass sie auch eine Bereicherung f\u00fcr die Rasse ist!<\/p>\n<p>So haben wir uns 2018 den Auflagen des DCK\/ VDH gestellt, uns die Zuchtzulassung erarbeitet und die FCI gesch\u00fctzte Zuchtst\u00e4tte Wacholderhain gegr\u00fcndet.<\/p>\n<p>Leider bekam Amy keine Welpen, aber den Traum gab ich nicht auf.<\/p>\n<p>Im Fr\u00fchjahr 2020 kam L\u00fctt Huuset&#8217;s Bintje dazu und wieder nahmen wir die Zuchtzulassung in Angriff.<\/p>\n<p>Durch Bintje wurden die ersten Welpen im Wacholderhain geboren, Amy wurde quasi Tante und ich stolze Z\u00fcchterin!<\/p>\n\n\n<figure class=\"wp-block-gallery has-nested-images columns-default is-cropped wp-block-gallery-1 is-layout-flex wp-block-gallery-is-layout-flex\">\n<figure class=\"wp-block-image size-large\"><img loading=\"lazy\" decoding=\"async\" width=\"1024\" height=\"768\" data-id=\"155\" src=\"http:\/\/kooikerhondje-richter.de\/wp-content\/uploads\/2024\/09\/IMG_20240516_190712-1024x768.jpg\" alt=\"\" class=\"wp-image-155\" srcset=\"http:\/\/kooikerhondje-richter.de\/wp-content\/uploads\/2024\/09\/IMG_20240516_190712-1024x768.jpg 1024w, http:\/\/kooikerhondje-richter.de\/wp-content\/uploads\/2024\/09\/IMG_20240516_190712-300x225.jpg 300w, http:\/\/kooikerhondje-richter.de\/wp-content\/uploads\/2024\/09\/IMG_20240516_190712-768x576.jpg 768w, http:\/\/kooikerhondje-richter.de\/wp-content\/uploads\/2024\/09\/IMG_20240516_190712-1536x1152.jpg 1536w, http:\/\/kooikerhondje-richter.de\/wp-content\/uploads\/2024\/09\/IMG_20240516_190712-2048x1536.jpg 2048w\" sizes=\"auto, (max-width: 767px) 89vw, (max-width: 1000px) 54vw, (max-width: 1071px) 543px, 580px\" \/><\/figure>\n<\/figure>\n","protected":false},"excerpt":{"rendered":"<p>Name: Ann-Kathrin Richter Geworfen: 10.04.1981 (Ich bin also 10 Jahre j\u00fcnger als das Kooikerhondje und trotzdem m\u00f6chte ich z\u00fcchten!) Ich bin gelernte Tierpflegerin, es ist mein Beruf, mein Hobby und gleich hinter meiner Tochter, mein Lebensmittelpunkt! Seit 2005 f\u00fchre ich unter Anderem eine kleine Hundepension, Tierbetreuung Lingen. Ich bin mit Hunden aufgewachsen und seit 2001 &hellip; <\/p>\n<p class=\"link-more\"><a href=\"http:\/\/kooikerhondje-richter.de\/?page_id=18\" class=\"more-link\"><span class=\"screen-reader-text\">&#8222;\u00dcber mich&#8220;<\/span> weiterlesen<\/a><\/p>\n","protected":false},"author":1,"featured_media":0,"parent":0,"menu_order":5,"comment_status":"closed","ping_status":"closed","template":"","meta":{"footnotes":""},"class_list":["post-18","page","type-page","status-publish","hentry"],"_links":{"self":[{"href":"http:\/\/kooikerhondje-richter.de\/index.php?rest_route=\/wp\/v2\/pages\/18","targetHints":{"allow":["GET"]}}],"collection":[{"href":"http:\/\/kooikerhondje-richter.de\/index.php?rest_route=\/wp\/v2\/pages"}],"about":[{"href":"http:\/\/kooikerhondje-richter.de\/index.php?rest_route=\/wp\/v2\/types\/page"}],"author":[{"embeddable":true,"href":"http:\/\/kooikerhondje-richter.de\/index.php?rest_route=\/wp\/v2\/users\/1"}],"replies":[{"embeddable":true,"href":"http:\/\/kooikerhondje-richter.de\/index.php?rest_route=%2Fwp%2Fv2%2Fcomments&post=18"}],"version-history":[{"count":5,"href":"http:\/\/kooikerhondje-richter.de\/index.php?rest_route=\/wp\/v2\/pages\/18\/revisions"}],"predecessor-version":[{"id":156,"href":"http:\/\/kooikerhondje-richter.de\/index.php?rest_route=\/wp\/v2\/pages\/18\/revisions\/156"}],"wp:attachment":[{"href":"http:\/\/kooikerhondje-richter.de\/index.php?rest_route=%2Fwp%2Fv2%2Fmedia&parent=18"}],"curies":[{"name":"wp","href":"https:\/\/api.w.org\/{rel}","templated":true}]}}