{"id":34,"date":"2017-12-03T11:20:03","date_gmt":"2017-12-03T11:20:03","guid":{"rendered":"http:\/\/kooikerhondje-richter.de\/?page_id=34"},"modified":"2026-04-14T06:31:51","modified_gmt":"2026-04-14T06:31:51","slug":"wurf","status":"publish","type":"page","link":"http:\/\/kooikerhondje-richter.de\/?page_id=34","title":{"rendered":"W\u00fcrfe \/ Aktuelles"},"content":{"rendered":"\n<p>Wurfplanung 2026<\/p>\n\n\n\n<p>Wir planen f\u00fcr Sommer 2026 unseren D-Wurf mit Wacholderhain A-Pinkie und haben noch Platz auf der Warteliste. Aussagekr\u00e4ftige Bewerbungen bitte per Mail.<\/p>\n\n\n\n<figure class=\"wp-block-gallery has-nested-images columns-default is-cropped wp-block-gallery-1 is-layout-flex wp-block-gallery-is-layout-flex\">\n<figure class=\"wp-block-image size-large\"><img loading=\"lazy\" decoding=\"async\" width=\"768\" height=\"1024\" data-id=\"209\" src=\"http:\/\/kooikerhondje-richter.de\/wp-content\/uploads\/2026\/04\/8131-768x1024.jpg\" alt=\"\" class=\"wp-image-209\" srcset=\"http:\/\/kooikerhondje-richter.de\/wp-content\/uploads\/2026\/04\/8131-768x1024.jpg 768w, http:\/\/kooikerhondje-richter.de\/wp-content\/uploads\/2026\/04\/8131-225x300.jpg 225w, http:\/\/kooikerhondje-richter.de\/wp-content\/uploads\/2026\/04\/8131-1152x1536.jpg 1152w, http:\/\/kooikerhondje-richter.de\/wp-content\/uploads\/2026\/04\/8131-1536x2048.jpg 1536w, http:\/\/kooikerhondje-richter.de\/wp-content\/uploads\/2026\/04\/8131-scaled.jpg 1920w\" sizes=\"auto, (max-width: 767px) 89vw, (max-width: 1000px) 54vw, (max-width: 1071px) 543px, 580px\" \/><\/figure>\n<\/figure>\n\n\n\n<p><\/p>\n\n\n\n<p><strong>C Wurf <\/strong><\/p>\n\n\n\n<p>Am 21.04.2025 ist unser C-Wurf aus Wacholderhain A-Pinkie und Spunky Lala Philipp geboren. Die 3 M\u00e4dels und 2 Jungs sind vergeben.<\/p>\n\n\n\n<figure class=\"wp-block-gallery has-nested-images columns-default is-cropped wp-block-gallery-2 is-layout-flex wp-block-gallery-is-layout-flex\">\n<figure class=\"wp-block-image size-large\"><img loading=\"lazy\" decoding=\"async\" width=\"1024\" height=\"768\" data-id=\"200\" src=\"http:\/\/kooikerhondje-richter.de\/wp-content\/uploads\/2025\/05\/IMG_20250424_073332-1024x768.jpg\" alt=\"\" class=\"wp-image-200\" srcset=\"http:\/\/kooikerhondje-richter.de\/wp-content\/uploads\/2025\/05\/IMG_20250424_073332-1024x768.jpg 1024w, http:\/\/kooikerhondje-richter.de\/wp-content\/uploads\/2025\/05\/IMG_20250424_073332-300x225.jpg 300w, http:\/\/kooikerhondje-richter.de\/wp-content\/uploads\/2025\/05\/IMG_20250424_073332-768x576.jpg 768w, http:\/\/kooikerhondje-richter.de\/wp-content\/uploads\/2025\/05\/IMG_20250424_073332-1536x1152.jpg 1536w, http:\/\/kooikerhondje-richter.de\/wp-content\/uploads\/2025\/05\/IMG_20250424_073332-2048x1536.jpg 2048w\" sizes=\"auto, (max-width: 767px) 89vw, (max-width: 1000px) 54vw, (max-width: 1071px) 543px, 580px\" \/><\/figure>\n<\/figure>\n\n\n\n<p>23.02.2025<\/p>\n\n\n\n<p>C- Wurf<\/p>\n\n\n\n<figure class=\"wp-block-gallery has-nested-images columns-default is-cropped wp-block-gallery-3 is-layout-flex wp-block-gallery-is-layout-flex\">\n<figure class=\"wp-block-image size-large\"><img loading=\"lazy\" decoding=\"async\" width=\"819\" height=\"1024\" data-id=\"177\" src=\"http:\/\/kooikerhondje-richter.de\/wp-content\/uploads\/2025\/02\/GridArt_20250225_083608529-819x1024.jpg\" alt=\"\" class=\"wp-image-177\" srcset=\"http:\/\/kooikerhondje-richter.de\/wp-content\/uploads\/2025\/02\/GridArt_20250225_083608529-819x1024.jpg 819w, http:\/\/kooikerhondje-richter.de\/wp-content\/uploads\/2025\/02\/GridArt_20250225_083608529-240x300.jpg 240w, http:\/\/kooikerhondje-richter.de\/wp-content\/uploads\/2025\/02\/GridArt_20250225_083608529-768x960.jpg 768w, http:\/\/kooikerhondje-richter.de\/wp-content\/uploads\/2025\/02\/GridArt_20250225_083608529-1229x1536.jpg 1229w, http:\/\/kooikerhondje-richter.de\/wp-content\/uploads\/2025\/02\/GridArt_20250225_083608529-1638x2048.jpg 1638w, http:\/\/kooikerhondje-richter.de\/wp-content\/uploads\/2025\/02\/GridArt_20250225_083608529-scaled.jpg 2048w\" sizes=\"auto, (max-width: 767px) 89vw, (max-width: 1000px) 54vw, (max-width: 1071px) 543px, 580px\" \/><\/figure>\n<\/figure>\n\n\n\n<p><\/p>\n\n\n\n<p>Wir hoffen auf kleine Osterhasen&#8230;.<\/p>\n\n\n\n<p>Wacholderhain A-Pinkie und Spunky Lala Philipp haben sich getraut&#8230; <\/p>\n\n\n\n<figure class=\"wp-block-gallery has-nested-images columns-default is-cropped wp-block-gallery-4 is-layout-flex wp-block-gallery-is-layout-flex\">\n<figure class=\"wp-block-image size-large\"><img loading=\"lazy\" decoding=\"async\" width=\"863\" height=\"1024\" data-id=\"174\" src=\"http:\/\/kooikerhondje-richter.de\/wp-content\/uploads\/2025\/02\/IMG_20250220_174342-863x1024.jpg\" alt=\"\" class=\"wp-image-174\" srcset=\"http:\/\/kooikerhondje-richter.de\/wp-content\/uploads\/2025\/02\/IMG_20250220_174342-863x1024.jpg 863w, http:\/\/kooikerhondje-richter.de\/wp-content\/uploads\/2025\/02\/IMG_20250220_174342-253x300.jpg 253w, http:\/\/kooikerhondje-richter.de\/wp-content\/uploads\/2025\/02\/IMG_20250220_174342-768x911.jpg 768w, http:\/\/kooikerhondje-richter.de\/wp-content\/uploads\/2025\/02\/IMG_20250220_174342.jpg 1111w\" sizes=\"auto, (max-width: 767px) 89vw, (max-width: 1000px) 54vw, (max-width: 1071px) 543px, 580px\" \/><\/figure>\n<\/figure>\n\n\n\n<p><\/p>\n\n\n\n<p>2025 planen wir den C Wurf mit unserer eigenen Nachzucht                Wacholderhain A-Pinkie!<\/p>\n\n\n\n<p>Auf Grund der hohen Nachfrage bitten wir bei Interesse um eine aussagekr\u00e4ftige Anfrge per Email.&nbsp;<\/p>\n\n\n\n<figure class=\"wp-block-gallery has-nested-images columns-default is-cropped wp-block-gallery-5 is-layout-flex wp-block-gallery-is-layout-flex\">\n<figure class=\"wp-block-image size-large\"><img loading=\"lazy\" decoding=\"async\" width=\"1024\" height=\"683\" data-id=\"146\" src=\"http:\/\/kooikerhondje-richter.de\/wp-content\/uploads\/2024\/09\/846A1204-1024x683.jpg\" alt=\"\" class=\"wp-image-146\" srcset=\"http:\/\/kooikerhondje-richter.de\/wp-content\/uploads\/2024\/09\/846A1204-1024x683.jpg 1024w, http:\/\/kooikerhondje-richter.de\/wp-content\/uploads\/2024\/09\/846A1204-300x200.jpg 300w, http:\/\/kooikerhondje-richter.de\/wp-content\/uploads\/2024\/09\/846A1204-768x512.jpg 768w, http:\/\/kooikerhondje-richter.de\/wp-content\/uploads\/2024\/09\/846A1204-1536x1024.jpg 1536w, http:\/\/kooikerhondje-richter.de\/wp-content\/uploads\/2024\/09\/846A1204-2048x1365.jpg 2048w\" sizes=\"auto, (max-width: 767px) 89vw, (max-width: 1000px) 54vw, (max-width: 1071px) 543px, 580px\" \/><\/figure>\n<\/figure>\n\n\n\n<figure class=\"wp-block-gallery has-nested-images columns-default is-cropped wp-block-gallery-6 is-layout-flex wp-block-gallery-is-layout-flex\">\n<figure class=\"wp-block-image size-large\"><img loading=\"lazy\" decoding=\"async\" width=\"742\" height=\"1024\" data-id=\"149\" src=\"http:\/\/kooikerhondje-richter.de\/wp-content\/uploads\/2024\/09\/Screenshot_20240521_165345-742x1024.jpg\" alt=\"\" class=\"wp-image-149\" srcset=\"http:\/\/kooikerhondje-richter.de\/wp-content\/uploads\/2024\/09\/Screenshot_20240521_165345-742x1024.jpg 742w, http:\/\/kooikerhondje-richter.de\/wp-content\/uploads\/2024\/09\/Screenshot_20240521_165345-217x300.jpg 217w, http:\/\/kooikerhondje-richter.de\/wp-content\/uploads\/2024\/09\/Screenshot_20240521_165345-768x1060.jpg 768w, http:\/\/kooikerhondje-richter.de\/wp-content\/uploads\/2024\/09\/Screenshot_20240521_165345.jpg 1080w\" sizes=\"auto, (max-width: 706px) 89vw, (max-width: 767px) 82vw, 740px\" \/><\/figure>\n<\/figure>\n\n\n\n<p><strong>B Wurf <\/strong><\/p>\n\n\n\n<p>Unser B Wurf von Bintje und Loki wurde am 02.05.2024 geboren. Wacholderhain Bintje&#8217;s Elmo, Benji, Pepe und Ellie machen ihre Familien sehr happy. <\/p>\n\n\n\n<figure class=\"wp-block-gallery has-nested-images columns-default is-cropped wp-block-gallery-7 is-layout-flex wp-block-gallery-is-layout-flex\">\n<figure class=\"wp-block-image size-large\"><img loading=\"lazy\" decoding=\"async\" width=\"1024\" height=\"768\" data-id=\"145\" src=\"http:\/\/kooikerhondje-richter.de\/wp-content\/uploads\/2024\/09\/IMG_20240502_154108-1024x768.jpg\" alt=\"\" class=\"wp-image-145\" srcset=\"http:\/\/kooikerhondje-richter.de\/wp-content\/uploads\/2024\/09\/IMG_20240502_154108-1024x768.jpg 1024w, http:\/\/kooikerhondje-richter.de\/wp-content\/uploads\/2024\/09\/IMG_20240502_154108-300x225.jpg 300w, http:\/\/kooikerhondje-richter.de\/wp-content\/uploads\/2024\/09\/IMG_20240502_154108-768x576.jpg 768w, http:\/\/kooikerhondje-richter.de\/wp-content\/uploads\/2024\/09\/IMG_20240502_154108-1536x1152.jpg 1536w, http:\/\/kooikerhondje-richter.de\/wp-content\/uploads\/2024\/09\/IMG_20240502_154108-2048x1536.jpg 2048w\" sizes=\"auto, (max-width: 767px) 89vw, (max-width: 1000px) 54vw, (max-width: 1071px) 543px, 580px\" \/><\/figure>\n<\/figure>\n\n\n\n<p>Fr\u00fchjahr 2024 <\/p>\n\n\n\n<figure class=\"wp-block-gallery has-nested-images columns-default is-cropped wp-block-gallery-8 is-layout-flex wp-block-gallery-is-layout-flex\">\n<figure class=\"wp-block-image size-large\"><img loading=\"lazy\" decoding=\"async\" width=\"760\" height=\"1024\" data-id=\"137\" src=\"http:\/\/kooikerhondje-richter.de\/wp-content\/uploads\/2024\/01\/Screenshot_20240126_163242-760x1024.jpg\" alt=\"\" class=\"wp-image-137\" srcset=\"http:\/\/kooikerhondje-richter.de\/wp-content\/uploads\/2024\/01\/Screenshot_20240126_163242-760x1024.jpg 760w, http:\/\/kooikerhondje-richter.de\/wp-content\/uploads\/2024\/01\/Screenshot_20240126_163242-223x300.jpg 223w, http:\/\/kooikerhondje-richter.de\/wp-content\/uploads\/2024\/01\/Screenshot_20240126_163242-768x1035.jpg 768w, http:\/\/kooikerhondje-richter.de\/wp-content\/uploads\/2024\/01\/Screenshot_20240126_163242.jpg 1080w\" sizes=\"auto, (max-width: 706px) 89vw, (max-width: 767px) 82vw, 740px\" \/><\/figure>\n<\/figure>\n\n\n\n<p>Sollte meine Zucht Ihr Interesse geweckt haben, fragen Sie bitte per Mail an. Auf Grund der sehr gro\u00dfen Nachfrage beschreiben Sie mir bitte wie das m\u00f6gliche Zuhause f\u00fcr einen Welpen bei Ihnen aussehen w\u00fcrde.<\/p>\n\n\n\n<p>Meine Welpen werden sehr gut sozialisiert und auf das Leben vorbereitet, aber es sind Welpen! Um einen treuen Alltagsbegleiter aus ihnen zu machen braucht es Geduld und Zeit. Der Welpe verl\u00e4sst seine Familie und ist erstmal komplett aufgeschmissen und braucht Anschlu\u00df um sich einzugew\u00f6hnen und eine Bindung aufzubauen. Ihnen muss klar sein, dass Pf\u00fctzen, H\u00e4ufchen und Chaos in Ihr Haus zieht! Kooikerwelpen sind niedlich, aber sie haben Bed\u00fcrfnisse! Wem das klar ist, der wird viel Freude bei der Aufzucht haben und hoffentlich einen tollen Gef\u00e4hrten erhalten.<\/p>\n\n\n\n<p>Um meinen Zwergen den bestm\u00f6glichsten Start zu geben habe ich gewisse Anspr\u00fcche an die zuk\u00fcnftigen Familien.<\/p>\n\n\n\n<p>Generell gebe ich Welpen nicht in Familien mit Kindern unter 8 Jahren.<\/p>\n\n\n\n<p>Au\u00dferdem sollte ein Hund nicht l\u00e4nger als maximal 5 Stunden am Tag allein sein.<\/p>\n\n\n\n<p>Auszubildende oder Studenten d\u00fcrfen sich gerne in ein paar Jahren nochmals melden. Ich wei\u00df, dass keiner die n\u00e4chsten 10-15 Jahre planen kann, aber auch, dass man erstmal das eigene Leben sortieren muss, bevor ich die Verantwortung f\u00fcr ein anderes \u00fcbernehmen sollte.<\/p>\n\n\n\n<p>Wirklich wichtig ist mir, dass der Kontakt zwischen den neuen Familien und mir besteht. Ich m\u00f6chte bei Problemen helfen k\u00f6nnen und freue mich nat\u00fcrlich auch \u00fcber Bilder und Berichte, wenn alles prima l\u00e4uft!<\/p>\n\n\n<p><strong>B Wurf<\/strong><\/p>\n<p>Wir planen unseren B Wurf mit Bintje f\u00fcr Fr\u00fchling \/ Sommer 2024.<\/p>\n<p>Auf Grund der hohen Nachfrage bitten wir bei Interesse um eine aussagekr\u00e4ftige Anfrge per Email.&nbsp;<\/p>\n<\/p>\n<p><strong>A-Wurf<\/strong><\/p>\n<p>Am 3.11.2022 wurde unser A Wurf geboren. Bintje schenkte uns 6 wundersch\u00f6ne Welpen. Eine kleine H\u00fcndin wird bei uns bleiben und hoffentlich eines Tages die Zucht erweitern.&nbsp;<\/p>\n<p>Alle Welpen sind vergeben.<\/p>\n<\/p>\n\n\n<p><\/p>\n","protected":false},"excerpt":{"rendered":"<p>Wurfplanung 2026 Wir planen f\u00fcr Sommer 2026 unseren D-Wurf mit Wacholderhain A-Pinkie und haben noch Platz auf der Warteliste. Aussagekr\u00e4ftige Bewerbungen bitte per Mail. C Wurf Am 21.04.2025 ist unser C-Wurf aus Wacholderhain A-Pinkie und Spunky Lala Philipp geboren. Die 3 M\u00e4dels und 2 Jungs sind vergeben. 23.02.2025 C- Wurf Wir hoffen auf kleine Osterhasen&#8230;. &hellip; <\/p>\n<p class=\"link-more\"><a href=\"http:\/\/kooikerhondje-richter.de\/?page_id=34\" class=\"more-link\"><span class=\"screen-reader-text\">&#8222;W\u00fcrfe \/ Aktuelles&#8220;<\/span> weiterlesen<\/a><\/p>\n","protected":false},"author":1,"featured_media":0,"parent":0,"menu_order":15,"comment_status":"closed","ping_status":"closed","template":"","meta":{"footnotes":""},"class_list":["post-34","page","type-page","status-publish","hentry"],"_links":{"self":[{"href":"http:\/\/kooikerhondje-richter.de\/index.php?rest_route=\/wp\/v2\/pages\/34","targetHints":{"allow":["GET"]}}],"collection":[{"href":"http:\/\/kooikerhondje-richter.de\/index.php?rest_route=\/wp\/v2\/pages"}],"about":[{"href":"http:\/\/kooikerhondje-richter.de\/index.php?rest_route=\/wp\/v2\/types\/page"}],"author":[{"embeddable":true,"href":"http:\/\/kooikerhondje-richter.de\/index.php?rest_route=\/wp\/v2\/users\/1"}],"replies":[{"embeddable":true,"href":"http:\/\/kooikerhondje-richter.de\/index.php?rest_route=%2Fwp%2Fv2%2Fcomments&post=34"}],"version-history":[{"count":18,"href":"http:\/\/kooikerhondje-richter.de\/index.php?rest_route=\/wp\/v2\/pages\/34\/revisions"}],"predecessor-version":[{"id":210,"href":"http:\/\/kooikerhondje-richter.de\/index.php?rest_route=\/wp\/v2\/pages\/34\/revisions\/210"}],"wp:attachment":[{"href":"http:\/\/kooikerhondje-richter.de\/index.php?rest_route=%2Fwp%2Fv2%2Fmedia&parent=34"}],"curies":[{"name":"wp","href":"https:\/\/api.w.org\/{rel}","templated":true}]}}